{"id":7773,"date":"2023-02-23T16:37:38","date_gmt":"2023-02-23T15:37:38","guid":{"rendered":"http:\/\/valbsax.cluster031.hosting.ovh.net\/?page_id=7773"},"modified":"2025-04-24T16:01:54","modified_gmt":"2025-04-24T14:01:54","slug":"maternelle","status":"publish","type":"page","link":"https:\/\/e-alhikma.ma\/ar\/maternelle\/","title":{"rendered":"Maternelle"},"content":{"rendered":"<div data-elementor-type=\"wp-page\" data-elementor-id=\"7773\" class=\"elementor elementor-7773\" data-elementor-settings=\"[]\">\n\t\t\t\t\t\t\t<div class=\"elementor-section-wrap\">\n\t\t\t\t\t\t\t<section class=\"elementor-section elementor-top-section elementor-element elementor-element-4beb2f97 elementor-section-boxed elementor-section-height-default elementor-section-height-default\" data-id=\"4beb2f97\" data-element_type=\"section\" data-settings=\"{&quot;background_background&quot;:&quot;classic&quot;}\">\n\t\t\t\t\t\t<div class=\"elementor-container elementor-column-gap-default\">\n\t\t\t\t\t<div class=\"elementor-column elementor-col-100 elementor-top-column elementor-element elementor-element-14b65e91\" data-id=\"14b65e91\" data-element_type=\"column\">\n\t\t\t<div class=\"elementor-widget-wrap elementor-element-populated\">\n\t\t\t\t\t\t\t\t<section class=\"elementor-section elementor-inner-section elementor-element elementor-element-1317c15 elementor-section-boxed elementor-section-height-default elementor-section-height-default\" data-id=\"1317c15\" data-element_type=\"section\">\n\t\t\t\t\t\t<div class=\"elementor-container elementor-column-gap-default\">\n\t\t\t\t\t<div class=\"elementor-column elementor-col-50 elementor-inner-column elementor-element elementor-element-46f8a515\" data-id=\"46f8a515\" data-element_type=\"column\">\n\t\t\t<div class=\"elementor-widget-wrap elementor-element-populated\">\n\t\t\t\t\t\t\t\t<div class=\"elementor-element elementor-element-547c697d edubin-title-align-left elementor-widget elementor-widget-section-title-addons\" data-id=\"547c697d\" data-element_type=\"widget\" data-widget_type=\"section-title-addons.default\">\n\t\t\t\t<div class=\"elementor-widget-container\">\n\t\t\t            <div class=\"edubin-section-title edubin-subtitle-position- title-style-four\">\n                <h3 class=\"section-title-txt\">Groupe Scolaire al Hikma<\/h3><div class=\"edubin-title-sperator-sec\"><span class=\"edubin-title-sperator\">&nbsp;<\/span><\/div>            <\/div>\n\n        \t\t<\/div>\n\t\t\t\t<\/div>\n\t\t\t\t<div class=\"elementor-element elementor-element-7f125a3 elementor-widget elementor-widget-text-editor\" data-id=\"7f125a3\" data-element_type=\"widget\" data-widget_type=\"text-editor.default\">\n\t\t\t\t<div class=\"elementor-widget-container\">\n\t\t\t\t\t\t\t<p style=\"text-align: justify;\"><span style=\"color: #333333;\">La maternelle constitue le pilier fondamental de notre \u00e9tablissement. Nous nous engageons \u00e0 offrir \u00e0 chaque enfant un accompagnement personnalis\u00e9, adapt\u00e9 \u00e0 ses besoins sp\u00e9cifiques. L\u2019\u00e9cole est avant tout un lieu de socialisation et de d\u00e9couverte, o\u00f9 nous veillons \u00e0 ce que les enfants apprennent non seulement \u00e0 lire, mais aussi, et surtout, \u00e0 communiquer et \u00e0 coexister harmonieusement avec leurs camarades. Cela passe par un processus d\u2019apprentissage en groupe et par de nombreuses activit\u00e9s cr\u00e9atives, con\u00e7ues pour stimuler leur curiosit\u00e9, encourager la d\u00e9couverte et favoriser le d\u00e9veloppement cognitif de chaque enfant.<\/span><\/p><ul style=\"text-align: justify;\"><li style=\"list-style-type: none;\"><ul><li style=\"list-style-type: none;\"><ul><li aria-level=\"1\"><span style=\"color: #333333;\">quelques images, \u00e9ducatives<\/span><\/li><\/ul><\/li><\/ul><\/li><\/ul><ul><li style=\"list-style-type: none;\"><ul><li style=\"list-style-type: none;\"><ul><li style=\"text-align: justify;\" aria-level=\"1\"><span style=\"color: #333333;\">deux ic\u00f4nes vers coeur 1 et Mahd Al hikma (ordre au choix) dirige vers la page web de chacune\u00a0<\/span><\/li><\/ul><\/li><\/ul><\/li><\/ul>\t\t\t\t\t\t<\/div>\n\t\t\t\t<\/div>\n\t\t\t\t\t<\/div>\n\t\t<\/div>\n\t\t\t\t<div class=\"elementor-column elementor-col-50 elementor-inner-column elementor-element elementor-element-7108bbe6\" data-id=\"7108bbe6\" data-element_type=\"column\" data-settings=\"{&quot;background_background&quot;:&quot;classic&quot;}\">\n\t\t\t<div class=\"elementor-widget-wrap elementor-element-populated\">\n\t\t\t\t\t\t\t\t<div class=\"elementor-element elementor-element-4bfae50b elementor-widget elementor-widget-image\" data-id=\"4bfae50b\" data-element_type=\"widget\" data-widget_type=\"image.default\">\n\t\t\t\t<div class=\"elementor-widget-container\">\n\t\t\t\t\t\t\t\t\t\t\t\t\t\t\t<img loading=\"lazy\" decoding=\"async\" width=\"525\" height=\"622\" src=\"https:\/\/e-alhikma.ma\/wp-content\/uploads\/2021\/11\/unnamed.jpg\" class=\"attachment-large size-large\" alt=\"\" srcset=\"https:\/\/e-alhikma.ma\/wp-content\/uploads\/2021\/11\/unnamed.jpg 617w, https:\/\/e-alhikma.ma\/wp-content\/uploads\/2021\/11\/unnamed-253x300.jpg 253w\" sizes=\"auto, (max-width: 525px) 100vw, 525px\" \/>\t\t\t\t\t\t\t\t\t\t\t\t\t\t\t<\/div>\n\t\t\t\t<\/div>\n\t\t\t\t\t<\/div>\n\t\t<\/div>\n\t\t\t\t\t\t\t<\/div>\n\t\t<\/section>\n\t\t\t\t\t<\/div>\n\t\t<\/div>\n\t\t\t\t\t\t\t<\/div>\n\t\t<\/section>\n\t\t\t\t\t\t<\/div>\n\t\t\t\t\t<\/div>","protected":false},"excerpt":{"rendered":"<p>Groupe Scolaire al Hikma &nbsp; La maternelle constitue le pilier fondamental de notre \u00e9tablissement. Nous nous engageons \u00e0 offrir \u00e0 chaque enfant un accompagnement personnalis\u00e9, adapt\u00e9 \u00e0 ses besoins sp\u00e9cifiques. L\u2019\u00e9cole est avant tout un lieu de socialisation et de d\u00e9couverte, o\u00f9 nous veillons \u00e0 [&hellip;]<\/p>","protected":false},"author":1,"featured_media":0,"parent":0,"menu_order":0,"comment_status":"closed","ping_status":"closed","template":"elementor_header_footer","meta":{"footnotes":""},"class_list":["post-7773","page","type-page","status-publish","hentry"],"_links":{"self":[{"href":"https:\/\/e-alhikma.ma\/ar\/wp-json\/wp\/v2\/pages\/7773","targetHints":{"allow":["GET"]}}],"collection":[{"href":"https:\/\/e-alhikma.ma\/ar\/wp-json\/wp\/v2\/pages"}],"about":[{"href":"https:\/\/e-alhikma.ma\/ar\/wp-json\/wp\/v2\/types\/page"}],"author":[{"embeddable":true,"href":"https:\/\/e-alhikma.ma\/ar\/wp-json\/wp\/v2\/users\/1"}],"replies":[{"embeddable":true,"href":"https:\/\/e-alhikma.ma\/ar\/wp-json\/wp\/v2\/comments?post=7773"}],"version-history":[{"count":26,"href":"https:\/\/e-alhikma.ma\/ar\/wp-json\/wp\/v2\/pages\/7773\/revisions"}],"predecessor-version":[{"id":9067,"href":"https:\/\/e-alhikma.ma\/ar\/wp-json\/wp\/v2\/pages\/7773\/revisions\/9067"}],"wp:attachment":[{"href":"https:\/\/e-alhikma.ma\/ar\/wp-json\/wp\/v2\/media?parent=7773"}],"curies":[{"name":"wp","href":"https:\/\/api.w.org\/{rel}","templated":true}]}}