{"id":8086,"date":"2023-05-03T17:41:10","date_gmt":"2023-05-03T15:41:10","guid":{"rendered":"http:\/\/valbsax.cluster031.hosting.ovh.net\/?page_id=8086"},"modified":"2025-11-12T16:11:58","modified_gmt":"2025-11-12T15:11:58","slug":"transport-scolaire","status":"publish","type":"page","link":"https:\/\/e-alhikma.ma\/ar\/transport-scolaire\/","title":{"rendered":"Transport scolaire"},"content":{"rendered":"<div data-elementor-type=\"wp-page\" data-elementor-id=\"8086\" class=\"elementor elementor-8086\" data-elementor-settings=\"[]\">\n\t\t\t\t\t\t\t<div class=\"elementor-section-wrap\">\n\t\t\t\t\t\t\t<section class=\"elementor-section elementor-top-section elementor-element elementor-element-222dfab2 elementor-section-boxed elementor-section-height-default elementor-section-height-default\" data-id=\"222dfab2\" data-element_type=\"section\" data-settings=\"{&quot;background_background&quot;:&quot;classic&quot;}\">\n\t\t\t\t\t\t<div class=\"elementor-container elementor-column-gap-default\">\n\t\t\t\t\t<div class=\"elementor-column elementor-col-100 elementor-top-column elementor-element elementor-element-7fca262b\" data-id=\"7fca262b\" data-element_type=\"column\">\n\t\t\t<div class=\"elementor-widget-wrap elementor-element-populated\">\n\t\t\t\t\t\t\t\t<section class=\"elementor-section elementor-inner-section elementor-element elementor-element-791ae3b6 elementor-section-boxed elementor-section-height-default elementor-section-height-default\" data-id=\"791ae3b6\" data-element_type=\"section\">\n\t\t\t\t\t\t<div class=\"elementor-container elementor-column-gap-default\">\n\t\t\t\t\t<div class=\"elementor-column elementor-col-50 elementor-inner-column elementor-element elementor-element-351c5f04\" data-id=\"351c5f04\" data-element_type=\"column\">\n\t\t\t<div class=\"elementor-widget-wrap elementor-element-populated\">\n\t\t\t\t\t\t\t\t<div class=\"elementor-element elementor-element-2c8baf14 edubin-title-align-left elementor-widget elementor-widget-section-title-addons\" data-id=\"2c8baf14\" data-element_type=\"widget\" data-widget_type=\"section-title-addons.default\">\n\t\t\t\t<div class=\"elementor-widget-container\">\n\t\t\t            <div class=\"edubin-section-title edubin-subtitle-position-top title-style-four\">\n                <p class=\"section-subtitle-txt\">Groupe Scolaire ALHIKMA<\/p>            <\/div>\n\n        \t\t<\/div>\n\t\t\t\t<\/div>\n\t\t\t\t<div class=\"elementor-element elementor-element-838df74 elementor-widget elementor-widget-text-editor\" data-id=\"838df74\" data-element_type=\"widget\" data-widget_type=\"text-editor.default\">\n\t\t\t\t<div class=\"elementor-widget-container\">\n\t\t\t\t\t\t\t<p><span style=\"font-weight: 400; color: #000000;\">L \u2018\u00e9cole dispose d\u2019une flotte de v\u00e9hicules scolaires neufs et confortables.<\/span><\/p><ul><li style=\"list-style-type: none;\"><ul><li style=\"list-style-type: none;\"><ul><li style=\"font-weight: 400;\" aria-level=\"1\"><span style=\"font-weight: 400; color: #000000;\">Le transport scolaire aux Alhikma est organis\u00e9 selon les cycles d\u2019\u00e9tudes, plusieurs trajets sont effectu\u00e9s durant\u00a0 la journ\u00e9e.<\/span><\/li><li style=\"font-weight: 400;\" aria-level=\"1\"><span style=\"font-weight: 400; color: #000000;\">Au\u00a0 primaire et au coll\u00e8ge, l\u2019\u00e9l\u00e8ve \u00a0 est assist\u00e9\u00a0 et\u00a0 surveill\u00e9\u00a0 pendant tout\u00a0 le trajet par le\u00a0 personnel d\u2019accompagnement<\/span><\/li><li style=\"font-weight: 400;\" aria-level=\"1\"><span style=\"font-weight: 400; color: #000000;\">Les chauffeurs font preuve d\u2019un professionnalisme\u00a0 irr\u00e9prochable, ils assurent le transport des apprenants en toute s\u00e9curit\u00e9.\u00a0<\/span><\/li><li style=\"font-weight: 400;\" aria-level=\"1\"><span style=\"font-weight: 400; color: #000000;\">Les bus sont souvent soumis \u00e0\u00a0 un contr\u00f4le technique rigoureux.<\/span><\/li><\/ul><\/li><\/ul><\/li><\/ul>\t\t\t\t\t\t<\/div>\n\t\t\t\t<\/div>\n\t\t\t\t\t<\/div>\n\t\t<\/div>\n\t\t\t\t<div class=\"elementor-column elementor-col-50 elementor-inner-column elementor-element elementor-element-5c3fbcae\" data-id=\"5c3fbcae\" data-element_type=\"column\" data-settings=\"{&quot;background_background&quot;:&quot;classic&quot;}\">\n\t\t\t<div class=\"elementor-widget-wrap elementor-element-populated\">\n\t\t\t\t\t\t\t\t<div class=\"elementor-element elementor-element-7a2859c7 elementor-widget elementor-widget-image\" data-id=\"7a2859c7\" data-element_type=\"widget\" data-widget_type=\"image.default\">\n\t\t\t\t<div class=\"elementor-widget-container\">\n\t\t\t\t\t\t\t\t\t\t\t\t\t\t\t<img loading=\"lazy\" decoding=\"async\" width=\"525\" height=\"700\" src=\"https:\/\/e-alhikma.ma\/wp-content\/uploads\/2025\/11\/transport-768x1024.jpg\" class=\"attachment-large size-large\" alt=\"\" srcset=\"https:\/\/e-alhikma.ma\/wp-content\/uploads\/2025\/11\/transport-768x1024.jpg 768w, https:\/\/e-alhikma.ma\/wp-content\/uploads\/2025\/11\/transport-225x300.jpg 225w, https:\/\/e-alhikma.ma\/wp-content\/uploads\/2025\/11\/transport.jpg 864w\" sizes=\"auto, (max-width: 525px) 100vw, 525px\" \/>\t\t\t\t\t\t\t\t\t\t\t\t\t\t\t<\/div>\n\t\t\t\t<\/div>\n\t\t\t\t<div class=\"elementor-element elementor-element-642cd2ee elementor-absolute elementor-widget-tablet__width-initial elementor-widget__width-initial elementor-widget elementor-widget-image\" data-id=\"642cd2ee\" data-element_type=\"widget\" data-settings=\"{&quot;_position&quot;:&quot;absolute&quot;}\" data-widget_type=\"image.default\">\n\t\t\t\t<div class=\"elementor-widget-container\">\n\t\t\t\t\t\t\t\t\t\t\t\t\t\t\t<img loading=\"lazy\" decoding=\"async\" width=\"73\" height=\"73\" src=\"https:\/\/e-alhikma.ma\/wp-content\/uploads\/2019\/06\/round-shape.png\" class=\"attachment-large size-large\" alt=\"\" \/>\t\t\t\t\t\t\t\t\t\t\t\t\t\t\t<\/div>\n\t\t\t\t<\/div>\n\t\t\t\t\t<\/div>\n\t\t<\/div>\n\t\t\t\t\t\t\t<\/div>\n\t\t<\/section>\n\t\t\t\t\t<\/div>\n\t\t<\/div>\n\t\t\t\t\t\t\t<\/div>\n\t\t<\/section>\n\t\t\t\t\t\t<\/div>\n\t\t\t\t\t<\/div>","protected":false},"excerpt":{"rendered":"<p>Groupe Scolaire ALHIKMA L \u2018\u00e9cole dispose d\u2019une flotte de v\u00e9hicules scolaires neufs et confortables. Le transport scolaire aux Alhikma est organis\u00e9 selon les cycles d\u2019\u00e9tudes, plusieurs trajets sont effectu\u00e9s durant\u00a0 la journ\u00e9e. Au\u00a0 primaire et au coll\u00e8ge, l\u2019\u00e9l\u00e8ve \u00a0 est assist\u00e9\u00a0 et\u00a0 surveill\u00e9\u00a0 pendant tout\u00a0 [&hellip;]<\/p>","protected":false},"author":1,"featured_media":0,"parent":0,"menu_order":0,"comment_status":"closed","ping_status":"closed","template":"elementor_header_footer","meta":{"footnotes":""},"class_list":["post-8086","page","type-page","status-publish","hentry"],"_links":{"self":[{"href":"https:\/\/e-alhikma.ma\/ar\/wp-json\/wp\/v2\/pages\/8086","targetHints":{"allow":["GET"]}}],"collection":[{"href":"https:\/\/e-alhikma.ma\/ar\/wp-json\/wp\/v2\/pages"}],"about":[{"href":"https:\/\/e-alhikma.ma\/ar\/wp-json\/wp\/v2\/types\/page"}],"author":[{"embeddable":true,"href":"https:\/\/e-alhikma.ma\/ar\/wp-json\/wp\/v2\/users\/1"}],"replies":[{"embeddable":true,"href":"https:\/\/e-alhikma.ma\/ar\/wp-json\/wp\/v2\/comments?post=8086"}],"version-history":[{"count":25,"href":"https:\/\/e-alhikma.ma\/ar\/wp-json\/wp\/v2\/pages\/8086\/revisions"}],"predecessor-version":[{"id":9235,"href":"https:\/\/e-alhikma.ma\/ar\/wp-json\/wp\/v2\/pages\/8086\/revisions\/9235"}],"wp:attachment":[{"href":"https:\/\/e-alhikma.ma\/ar\/wp-json\/wp\/v2\/media?parent=8086"}],"curies":[{"name":"wp","href":"https:\/\/api.w.org\/{rel}","templated":true}]}}