{"id":8674,"date":"2025-04-14T17:13:05","date_gmt":"2025-04-14T15:13:05","guid":{"rendered":"https:\/\/gsalhikma.ma\/?page_id=8674"},"modified":"2025-05-29T17:08:53","modified_gmt":"2025-05-29T15:08:53","slug":"qalb-alhikma-2","status":"publish","type":"page","link":"https:\/\/e-alhikma.ma\/ar\/qalb-alhikma-2\/","title":{"rendered":"Qalb alhikma 2"},"content":{"rendered":"<div data-elementor-type=\"wp-page\" data-elementor-id=\"8674\" class=\"elementor elementor-8674\" data-elementor-settings=\"[]\">\n\t\t\t\t\t\t\t<div class=\"elementor-section-wrap\">\n\t\t\t\t\t\t\t<section class=\"elementor-section elementor-top-section elementor-element elementor-element-de54bf1 elementor-section-boxed elementor-section-height-default elementor-section-height-default\" data-id=\"de54bf1\" data-element_type=\"section\" data-settings=\"{&quot;background_background&quot;:&quot;classic&quot;}\">\n\t\t\t\t\t\t<div class=\"elementor-container elementor-column-gap-default\">\n\t\t\t\t\t<div class=\"elementor-column elementor-col-100 elementor-top-column elementor-element elementor-element-92a9f0a\" data-id=\"92a9f0a\" data-element_type=\"column\">\n\t\t\t<div class=\"elementor-widget-wrap elementor-element-populated\">\n\t\t\t\t\t\t\t\t<section class=\"elementor-section elementor-inner-section elementor-element elementor-element-51fa183 elementor-section-boxed elementor-section-height-default elementor-section-height-default\" data-id=\"51fa183\" data-element_type=\"section\" data-settings=\"{&quot;background_background&quot;:&quot;classic&quot;}\">\n\t\t\t\t\t\t<div class=\"elementor-container elementor-column-gap-default\">\n\t\t\t\t\t<div class=\"elementor-column elementor-col-50 elementor-inner-column elementor-element elementor-element-a843682\" data-id=\"a843682\" data-element_type=\"column\">\n\t\t\t<div class=\"elementor-widget-wrap elementor-element-populated\">\n\t\t\t\t\t\t\t\t<div class=\"elementor-element elementor-element-225b2eb edubin-title-align-left elementor-widget elementor-widget-section-title-addons\" data-id=\"225b2eb\" data-element_type=\"widget\" data-widget_type=\"section-title-addons.default\">\n\t\t\t\t<div class=\"elementor-widget-container\">\n\t\t\t            <div class=\"edubin-section-title edubin-subtitle-position- title-style-four\">\n                <h5 class=\"section-title-txt\">L\u2019histoire et la mission  de l\u2019\u00e9cole Qalb 2 d\u2019al Hikma<\/h5><div class=\"edubin-title-sperator-sec\"><span class=\"edubin-title-sperator\">&nbsp;<\/span><\/div>            <\/div>\n\n        \t\t<\/div>\n\t\t\t\t<\/div>\n\t\t\t\t<div class=\"elementor-element elementor-element-57a7f6f elementor-widget elementor-widget-text-editor\" data-id=\"57a7f6f\" data-element_type=\"widget\" data-widget_type=\"text-editor.default\">\n\t\t\t\t<div class=\"elementor-widget-container\">\n\t\t\t\t\t\t\t<p>L\u2019\u00e9tablissement a ouvert ses portes le <span style=\"color: #c23636;\"><strong>1\u1d49\u02b3 septembre 2010<\/strong><\/span> \u00a0pour \u00e9tendre la mission \u00e9ducative du Groupe Al Hikma, aux cycles Primaires et Pr\u00e9scolaires. Son objectif est de poser des bases solides en combinant apprentissage acad\u00e9mique, d\u00e9veloppement \u00e9motionnel et \u00e9veil aux valeurs universelles (respect, curiosit\u00e9, cr\u00e9ativit\u00e9).\u00a0<\/p><p><span style=\"font-weight: 400; font-size: 16pt; color: #23a0be;\">La Philosophie \u00c9ducative\u00a0<\/span><\/p><p><span style=\"font-weight: 400; color: #23a0be; font-size: 16pt;\">Apprendre en s\u2019\u00e9panouissant <\/span><span style=\"font-weight: 400;\"><span style=\"color: #23a0be; font-size: 16pt;\">:<\/span><\/span><\/p><p><span style=\"font-weight: 400;\">P\u00e9dagogie active centr\u00e9e sur le jeu, l\u2019exp\u00e9rimentation et la collaboration.\u00a0 <\/span><\/p><p><span style=\"font-weight: 400; color: #23a0be; font-size: 16pt;\">Multilinguisme :<\/span><\/p><p>Enseignement en arabe, fran\u00e7ais et anglais, avec une immersion progressive.\u00a0<\/p><p><span style=\"font-weight: 400; color: #23a0be; font-size: 16pt;\">Citoyennet\u00e9<\/span><span style=\"font-weight: 400;\"><span style=\"color: #23a0be; font-size: 16pt;\"> :<\/span><\/span><\/p><p>Sensibilisation \u00e0 l\u2019\u00e9cologie, au vivre-ensemble et \u00e0 la solidarit\u00e9.\u00a0<\/p><p><span style=\"font-weight: 400; color: #23a0be; font-size: 16pt;\">Fondamentaux<\/span><span style=\"font-weight: 400;\"><span style=\"color: #23a0be; font-size: 16pt;\">:<\/span><\/span><\/p><p>Lecture, \u00e9criture, oral, calcul, \u00e9veil scientifique.\u00a0<\/p>\t\t\t\t\t\t<\/div>\n\t\t\t\t<\/div>\n\t\t\t\t\t<\/div>\n\t\t<\/div>\n\t\t\t\t<div class=\"elementor-column elementor-col-50 elementor-inner-column elementor-element elementor-element-2d9320e\" data-id=\"2d9320e\" data-element_type=\"column\" data-settings=\"{&quot;background_background&quot;:&quot;classic&quot;}\">\n\t\t\t<div class=\"elementor-widget-wrap elementor-element-populated\">\n\t\t\t\t\t\t\t\t<div class=\"elementor-element elementor-element-dffe5ad elementor-widget elementor-widget-image\" data-id=\"dffe5ad\" data-element_type=\"widget\" data-widget_type=\"image.default\">\n\t\t\t\t<div class=\"elementor-widget-container\">\n\t\t\t\t\t\t\t\t\t\t\t\t\t\t\t<img loading=\"lazy\" decoding=\"async\" width=\"363\" height=\"700\" src=\"https:\/\/e-alhikma.ma\/wp-content\/uploads\/2025\/04\/qalb-hikma-1.png\" class=\"attachment-large size-large\" alt=\"\" srcset=\"https:\/\/e-alhikma.ma\/wp-content\/uploads\/2025\/04\/qalb-hikma-1.png 363w, https:\/\/e-alhikma.ma\/wp-content\/uploads\/2025\/04\/qalb-hikma-1-156x300.png 156w\" sizes=\"auto, (max-width: 363px) 100vw, 363px\" \/>\t\t\t\t\t\t\t\t\t\t\t\t\t\t\t<\/div>\n\t\t\t\t<\/div>\n\t\t\t\t\t<\/div>\n\t\t<\/div>\n\t\t\t\t\t\t\t<\/div>\n\t\t<\/section>\n\t\t\t\t\t<\/div>\n\t\t<\/div>\n\t\t\t\t\t\t\t<\/div>\n\t\t<\/section>\n\t\t\t\t<section class=\"elementor-section elementor-top-section elementor-element elementor-element-a1f72cd elementor-section-boxed elementor-section-height-default elementor-section-height-default\" data-id=\"a1f72cd\" data-element_type=\"section\" data-settings=\"{&quot;background_background&quot;:&quot;classic&quot;}\">\n\t\t\t\t\t\t\t<div class=\"elementor-background-overlay\"><\/div>\n\t\t\t\t\t\t\t<div class=\"elementor-container elementor-column-gap-default\">\n\t\t\t\t\t<div class=\"elementor-column elementor-col-50 elementor-top-column elementor-element elementor-element-e4a9bb5\" data-id=\"e4a9bb5\" data-element_type=\"column\">\n\t\t\t<div class=\"elementor-widget-wrap elementor-element-populated\">\n\t\t\t\t\t\t\t\t<div class=\"elementor-element elementor-element-1d9e9ab elementor-widget elementor-widget-text-editor\" data-id=\"1d9e9ab\" data-element_type=\"widget\" data-widget_type=\"text-editor.default\">\n\t\t\t\t<div class=\"elementor-widget-container\">\n\t\t\t\t\t\t\t<iframe loading=\"lazy\" style=\"border: 0;\" src=\"https:\/\/www.google.com\/maps\/embed?pb=!1m17!1m12!1m3!1d1446.871940700948!2d-9.530539471004644!3d30.400341283978946!2m3!1f0!2f0!3f0!3m2!1i1024!2i768!4f13.1!3m2!1m1!2zMzDCsDI0JzAxLjUiTiA5wrAzMSc0NS43Ilc!5e0!3m2!1sfr!2sma!4v1744631459591!5m2!1sfr!2sma\" width=\"100%\" height=\"400\" allowfullscreen=\"allowfullscreen\"><\/iframe>\t\t\t\t\t\t<\/div>\n\t\t\t\t<\/div>\n\t\t\t\t\t<\/div>\n\t\t<\/div>\n\t\t\t\t<div class=\"elementor-column elementor-col-50 elementor-top-column elementor-element elementor-element-24367bb\" data-id=\"24367bb\" data-element_type=\"column\" data-settings=\"{&quot;background_background&quot;:&quot;classic&quot;}\">\n\t\t\t<div class=\"elementor-widget-wrap elementor-element-populated\">\n\t\t\t\t\t\t\t\t<div class=\"elementor-element elementor-element-04448e7 edubin-title-align-left elementor-widget elementor-widget-section-title-addons\" data-id=\"04448e7\" data-element_type=\"widget\" data-widget_type=\"section-title-addons.default\">\n\t\t\t\t<div class=\"elementor-widget-container\">\n\t\t\t            <div class=\"edubin-section-title edubin-subtitle-position-top title-style-four\">\n                <h2 class=\"section-title-txt\">Rejoignez-nous !  <\/h2><div class=\"edubin-title-sperator-sec\"><span class=\"edubin-title-sperator\">&nbsp;<\/span><\/div><p class=\"section-subtitle-txt\">Qalb alhikma 2\n<\/p>            <\/div>\n\n        \t\t<\/div>\n\t\t\t\t<\/div>\n\t\t\t\t<div class=\"elementor-element elementor-element-bc855f3 elementor-align-left elementor-icon-list--layout-traditional elementor-list-item-link-full_width elementor-widget elementor-widget-icon-list\" data-id=\"bc855f3\" data-element_type=\"widget\" data-widget_type=\"icon-list.default\">\n\t\t\t\t<div class=\"elementor-widget-container\">\n\t\t\t\t\t<ul class=\"elementor-icon-list-items\">\n\t\t\t\t\t\t\t<li class=\"elementor-icon-list-item\">\n\t\t\t\t\t\t\t\t\t\t\t<span class=\"elementor-icon-list-icon\">\n\t\t\t\t\t\t\t<i aria-hidden=\"true\" class=\"fas fa-map-marker-alt\"><\/i>\t\t\t\t\t\t<\/span>\n\t\t\t\t\t\t\t\t\t\t<span class=\"elementor-icon-list-text\">Cit\u00e9 El Houda bloc c n 5 \u2013 Agadir<\/span>\n\t\t\t\t\t\t\t\t\t<\/li>\n\t\t\t\t\t\t\t\t<li class=\"elementor-icon-list-item\">\n\t\t\t\t\t\t\t\t\t\t\t<a href=\"\">\n\n\t\t\t\t\t\t\t\t\t\t\t\t<span class=\"elementor-icon-list-icon\">\n\t\t\t\t\t\t\t<i aria-hidden=\"true\" class=\"far fa-envelope\"><\/i>\t\t\t\t\t\t<\/span>\n\t\t\t\t\t\t\t\t\t\t<span class=\"elementor-icon-list-text\">qalb@e-alhikma.ma<\/span>\n\t\t\t\t\t\t\t\t\t\t\t<\/a>\n\t\t\t\t\t\t\t\t\t<\/li>\n\t\t\t\t\t\t\t\t<li class=\"elementor-icon-list-item\">\n\t\t\t\t\t\t\t\t\t\t\t<a href=\"tel:0662118161\">\n\n\t\t\t\t\t\t\t\t\t\t\t\t<span class=\"elementor-icon-list-icon\">\n\t\t\t\t\t\t\t<i aria-hidden=\"true\" class=\"fas fa-phone\"><\/i>\t\t\t\t\t\t<\/span>\n\t\t\t\t\t\t\t\t\t\t<span class=\"elementor-icon-list-text\">0 6 62 11 81 61<\/span>\n\t\t\t\t\t\t\t\t\t\t\t<\/a>\n\t\t\t\t\t\t\t\t\t<\/li>\n\t\t\t\t\t\t<\/ul>\n\t\t\t\t<\/div>\n\t\t\t\t<\/div>\n\t\t\t\t\t<\/div>\n\t\t<\/div>\n\t\t\t\t\t\t\t<\/div>\n\t\t<\/section>\n\t\t\t\t\t\t<\/div>\n\t\t\t\t\t<\/div>","protected":false},"excerpt":{"rendered":"<p>L\u2019histoire et la mission de l\u2019\u00e9cole Qalb 2 d\u2019al Hikma &nbsp; L\u2019\u00e9tablissement a ouvert ses portes le 1\u1d49\u02b3 septembre 2010 \u00a0pour \u00e9tendre la mission \u00e9ducative du Groupe Al Hikma, aux cycles Primaires et Pr\u00e9scolaires. Son objectif est de poser des bases solides en combinant apprentissage [&hellip;]<\/p>","protected":false},"author":1,"featured_media":0,"parent":0,"menu_order":0,"comment_status":"closed","ping_status":"closed","template":"","meta":{"footnotes":""},"class_list":["post-8674","page","type-page","status-publish","hentry"],"_links":{"self":[{"href":"https:\/\/e-alhikma.ma\/ar\/wp-json\/wp\/v2\/pages\/8674","targetHints":{"allow":["GET"]}}],"collection":[{"href":"https:\/\/e-alhikma.ma\/ar\/wp-json\/wp\/v2\/pages"}],"about":[{"href":"https:\/\/e-alhikma.ma\/ar\/wp-json\/wp\/v2\/types\/page"}],"author":[{"embeddable":true,"href":"https:\/\/e-alhikma.ma\/ar\/wp-json\/wp\/v2\/users\/1"}],"replies":[{"embeddable":true,"href":"https:\/\/e-alhikma.ma\/ar\/wp-json\/wp\/v2\/comments?post=8674"}],"version-history":[{"count":36,"href":"https:\/\/e-alhikma.ma\/ar\/wp-json\/wp\/v2\/pages\/8674\/revisions"}],"predecessor-version":[{"id":9131,"href":"https:\/\/e-alhikma.ma\/ar\/wp-json\/wp\/v2\/pages\/8674\/revisions\/9131"}],"wp:attachment":[{"href":"https:\/\/e-alhikma.ma\/ar\/wp-json\/wp\/v2\/media?parent=8674"}],"curies":[{"name":"wp","href":"https:\/\/api.w.org\/{rel}","templated":true}]}}