{"id":8758,"date":"2025-04-16T16:53:43","date_gmt":"2025-04-16T14:53:43","guid":{"rendered":"https:\/\/gsalhikma.ma\/?page_id=8758"},"modified":"2025-05-29T14:12:12","modified_gmt":"2025-05-29T12:12:12","slug":"mot-du-fondateur","status":"publish","type":"page","link":"https:\/\/e-alhikma.ma\/ar\/mot-du-fondateur\/","title":{"rendered":"Mot du fondateur"},"content":{"rendered":"<div data-elementor-type=\"wp-page\" data-elementor-id=\"8758\" class=\"elementor elementor-8758\" data-elementor-settings=\"[]\">\n\t\t\t\t\t\t\t<div class=\"elementor-section-wrap\">\n\t\t\t\t\t\t\t<section class=\"elementor-section elementor-top-section elementor-element elementor-element-30192bb elementor-section-boxed elementor-section-height-default elementor-section-height-default\" data-id=\"30192bb\" data-element_type=\"section\" data-settings=\"{&quot;background_background&quot;:&quot;classic&quot;}\">\n\t\t\t\t\t\t<div class=\"elementor-container elementor-column-gap-default\">\n\t\t\t\t\t<div class=\"elementor-column elementor-col-100 elementor-top-column elementor-element elementor-element-44ed26d\" data-id=\"44ed26d\" data-element_type=\"column\">\n\t\t\t<div class=\"elementor-widget-wrap elementor-element-populated\">\n\t\t\t\t\t\t\t\t<section class=\"elementor-section elementor-inner-section elementor-element elementor-element-f42c7d0 elementor-section-boxed elementor-section-height-default elementor-section-height-default\" data-id=\"f42c7d0\" data-element_type=\"section\">\n\t\t\t\t\t\t<div class=\"elementor-container elementor-column-gap-default\">\n\t\t\t\t\t<div class=\"elementor-column elementor-col-50 elementor-inner-column elementor-element elementor-element-e85ba8b\" data-id=\"e85ba8b\" data-element_type=\"column\">\n\t\t\t<div class=\"elementor-widget-wrap elementor-element-populated\">\n\t\t\t\t\t\t\t\t<div class=\"elementor-element elementor-element-fd06a3c edubin-title-align-left elementor-widget elementor-widget-section-title-addons\" data-id=\"fd06a3c\" data-element_type=\"widget\" data-widget_type=\"section-title-addons.default\">\n\t\t\t\t<div class=\"elementor-widget-container\">\n\t\t\t            <div class=\"edubin-section-title edubin-subtitle-position- title-style-four\">\n                <h5 class=\"section-title-txt\">Groupe Scolaire al Hikma<\/h5><div class=\"edubin-title-sperator-sec\"><span class=\"edubin-title-sperator\">&nbsp;<\/span><\/div>            <\/div>\n\n        \t\t<\/div>\n\t\t\t\t<\/div>\n\t\t\t\t<div class=\"elementor-element elementor-element-3a1d3e5 elementor-widget elementor-widget-text-editor\" data-id=\"3a1d3e5\" data-element_type=\"widget\" data-widget_type=\"text-editor.default\">\n\t\t\t\t<div class=\"elementor-widget-container\">\n\t\t\t\t\t\t\t<p>En tant qu\u2019ancien professeur de Math\u00e9matiques, j\u2019ai pass\u00e9 des ann\u00e9es \u00e0 observer une v\u00e9rit\u00e9 simple\u00a0: chaque \u00e9l\u00e8ve poss\u00e8de un potentiel unique, qui ne demande qu\u2019\u00e0 \u00eatre r\u00e9v\u00e9l\u00e9 par un environnement stimulant et bienveillant. C\u2019est cette conviction qui a donn\u00e9 naissance au Groupe Scolaire\u00a0 al Hikma qui, bien plus qu\u2019une \u00e9cole est un vrai projet de vie, je dirais m\u00eame un r\u00eave d\u2019une \u00e9cole o\u00f9 la rigueur scientifique se marie \u00e0 la cr\u00e9ativit\u00e9, les nombres et les lettres dialoguent pour former des esprits \u00e9quilibr\u00e9s, o\u00f9 la sagesse guide chaque d\u00e9cision, comme le sugg\u00e8re notre nom al Hikma.\u00a0 Notre Mission : \u00e9duquer avec C\u0153ur\u00a0; \u00e0 C\u0153ur d\u2019al Hikma nous croyons que les math\u00e9matiques ne sont pas une montagne \u00e0 gravir, mais un langage universel pour comprendre le monde.\u00a0<\/p><p>L\u2019\u00e9chec n\u2019est qu\u2019une \u00e9tape vers la r\u00e9ussite, \u00e0 condition d\u2019\u00eatre accompagn\u00e9.\u00a0<\/p><p>L\u2019\u00e9ducation doit pr\u00e9parer les \u00e9l\u00e8ves \u00e0 la vie, et non seulement aux examens.\u00a0<\/p><p>Au Groupe Scolaire al HIKMA, nous sommes fiers de nos premiers de classe(des moyennes au baccalaur\u00e9at qui d\u00e9passent\u00a0 <strong>19 sur 20<\/strong>), mais tout aussi fiers des \u00e9l\u00e8ves qui progressent \u00e0 leur rythme, parce que chaque enfant a son propre chemin vers la r\u00e9ussite.<\/p>\t\t\t\t\t\t<\/div>\n\t\t\t\t<\/div>\n\t\t\t\t\t<\/div>\n\t\t<\/div>\n\t\t\t\t<div class=\"elementor-column elementor-col-50 elementor-inner-column elementor-element elementor-element-29a219d\" data-id=\"29a219d\" data-element_type=\"column\" data-settings=\"{&quot;background_background&quot;:&quot;classic&quot;}\">\n\t\t\t<div class=\"elementor-widget-wrap elementor-element-populated\">\n\t\t\t\t\t\t\t\t<div class=\"elementor-element elementor-element-5b92609 elementor-widget elementor-widget-image\" data-id=\"5b92609\" data-element_type=\"widget\" data-widget_type=\"image.default\">\n\t\t\t\t<div class=\"elementor-widget-container\">\n\t\t\t\t\t\t\t\t\t\t\t\t\t\t\t<img loading=\"lazy\" decoding=\"async\" width=\"525\" height=\"561\" src=\"https:\/\/e-alhikma.ma\/wp-content\/uploads\/2025\/04\/directeur-kalb-hikma.jpg\" class=\"attachment-large size-large\" alt=\"\" srcset=\"https:\/\/e-alhikma.ma\/wp-content\/uploads\/2025\/04\/directeur-kalb-hikma.jpg 836w, https:\/\/e-alhikma.ma\/wp-content\/uploads\/2025\/04\/directeur-kalb-hikma-281x300.jpg 281w, https:\/\/e-alhikma.ma\/wp-content\/uploads\/2025\/04\/directeur-kalb-hikma-768x820.jpg 768w\" sizes=\"auto, (max-width: 525px) 100vw, 525px\" \/>\t\t\t\t\t\t\t\t\t\t\t\t\t\t\t<\/div>\n\t\t\t\t<\/div>\n\t\t\t\t\t<\/div>\n\t\t<\/div>\n\t\t\t\t\t\t\t<\/div>\n\t\t<\/section>\n\t\t\t\t\t<\/div>\n\t\t<\/div>\n\t\t\t\t\t\t\t<\/div>\n\t\t<\/section>\n\t\t\t\t<section class=\"elementor-section elementor-top-section elementor-element elementor-element-e1de288 elementor-section-boxed elementor-section-height-default elementor-section-height-default\" data-id=\"e1de288\" data-element_type=\"section\">\n\t\t\t\t\t\t<div class=\"elementor-container elementor-column-gap-default\">\n\t\t\t\t\t<div class=\"elementor-column elementor-col-100 elementor-top-column elementor-element elementor-element-02c0fef\" data-id=\"02c0fef\" data-element_type=\"column\">\n\t\t\t<div class=\"elementor-widget-wrap elementor-element-populated\">\n\t\t\t\t\t\t\t\t<div class=\"elementor-element elementor-element-d07cce6 elementor-widget elementor-widget-text-editor\" data-id=\"d07cce6\" data-element_type=\"widget\" data-widget_type=\"text-editor.default\">\n\t\t\t\t<div class=\"elementor-widget-container\">\n\t\t\t\t\t\t\t<p><span style=\"color: #333333;\">Chers parents, vous nous confiez vos enfants, sachez qu\u2019avec nous, ils ne seront jamais des num\u00e9ros. Nous les guiderons pour qu\u2019ils deviennent \u00a0curieux comme des scientifiques,\u00a0 cr\u00e9atifs comme des artistes,\u00a0 engag\u00e9s comme des citoyens du monde.\u00a0<\/span><\/p><p><span style=\"color: #333333;\">Le chemin reste long, mais avec votre confiance et le d\u00e9vouement de notre \u00e9quipe, nous continuerons \u00e0 innover.\u00a0 Ensemble, cultivons la sagesse\u00a0!<\/span><\/p><p style=\"text-align: right;\"><span style=\"color: #333333;\">Avec gratitude, M. El Haiba Mustapha <\/span><br \/><span style=\"color: #333333;\">Fondateur de Groupe Scolaire al Hikma \u2013 Agadir<\/span><\/p>\t\t\t\t\t\t<\/div>\n\t\t\t\t<\/div>\n\t\t\t\t\t<\/div>\n\t\t<\/div>\n\t\t\t\t\t\t\t<\/div>\n\t\t<\/section>\n\t\t\t\t\t\t<\/div>\n\t\t\t\t\t<\/div>","protected":false},"excerpt":{"rendered":"<p>Groupe Scolaire al Hikma &nbsp; En tant qu\u2019ancien professeur de Math\u00e9matiques, j\u2019ai pass\u00e9 des ann\u00e9es \u00e0 observer une v\u00e9rit\u00e9 simple\u00a0: chaque \u00e9l\u00e8ve poss\u00e8de un potentiel unique, qui ne demande qu\u2019\u00e0 \u00eatre r\u00e9v\u00e9l\u00e9 par un environnement stimulant et bienveillant. C\u2019est cette conviction qui a donn\u00e9 naissance [&hellip;]<\/p>","protected":false},"author":1,"featured_media":0,"parent":0,"menu_order":0,"comment_status":"closed","ping_status":"closed","template":"","meta":{"footnotes":""},"class_list":["post-8758","page","type-page","status-publish","hentry"],"_links":{"self":[{"href":"https:\/\/e-alhikma.ma\/ar\/wp-json\/wp\/v2\/pages\/8758","targetHints":{"allow":["GET"]}}],"collection":[{"href":"https:\/\/e-alhikma.ma\/ar\/wp-json\/wp\/v2\/pages"}],"about":[{"href":"https:\/\/e-alhikma.ma\/ar\/wp-json\/wp\/v2\/types\/page"}],"author":[{"embeddable":true,"href":"https:\/\/e-alhikma.ma\/ar\/wp-json\/wp\/v2\/users\/1"}],"replies":[{"embeddable":true,"href":"https:\/\/e-alhikma.ma\/ar\/wp-json\/wp\/v2\/comments?post=8758"}],"version-history":[{"count":31,"href":"https:\/\/e-alhikma.ma\/ar\/wp-json\/wp\/v2\/pages\/8758\/revisions"}],"predecessor-version":[{"id":9107,"href":"https:\/\/e-alhikma.ma\/ar\/wp-json\/wp\/v2\/pages\/8758\/revisions\/9107"}],"wp:attachment":[{"href":"https:\/\/e-alhikma.ma\/ar\/wp-json\/wp\/v2\/media?parent=8758"}],"curies":[{"name":"wp","href":"https:\/\/api.w.org\/{rel}","templated":true}]}}