{"id":9142,"date":"2025-05-19T14:19:47","date_gmt":"2025-05-19T12:19:47","guid":{"rendered":"https:\/\/gsalhikma.ma\/?page_id=8814"},"modified":"2025-10-06T19:23:05","modified_gmt":"2025-10-06T17:23:05","slug":"fournitures-scolaire","status":"publish","type":"page","link":"https:\/\/e-alhikma.ma\/ar\/fournitures-scolaire\/","title":{"rendered":"Fournitures scolaire"},"content":{"rendered":"<div data-elementor-type=\"wp-page\" data-elementor-id=\"9142\" class=\"elementor elementor-9142\" data-elementor-settings=\"[]\">\n\t\t\t\t\t\t\t<div class=\"elementor-section-wrap\">\n\t\t\t\t\t\t\t<section class=\"elementor-section elementor-top-section elementor-element elementor-element-cde0b97 elementor-section-boxed elementor-section-height-default elementor-section-height-default\" data-id=\"cde0b97\" data-element_type=\"section\">\n\t\t\t\t\t\t<div class=\"elementor-container elementor-column-gap-default\">\n\t\t\t\t\t<div class=\"elementor-column elementor-col-100 elementor-top-column elementor-element elementor-element-25b108a\" data-id=\"25b108a\" data-element_type=\"column\">\n\t\t\t<div class=\"elementor-widget-wrap elementor-element-populated\">\n\t\t\t\t\t\t\t\t<div class=\"elementor-element elementor-element-b450b2b elementor-tabs-view-horizontal elementor-widget elementor-widget-tabs\" data-id=\"b450b2b\" data-element_type=\"widget\" data-widget_type=\"tabs.default\">\n\t\t\t\t<div class=\"elementor-widget-container\">\n\t\t\t\t\t<div class=\"elementor-tabs\">\n\t\t\t<div class=\"elementor-tabs-wrapper\" role=\"tablist\" >\n\t\t\t\t\t\t\t\t\t<div id=\"elementor-tab-title-1891\" class=\"elementor-tab-title elementor-tab-desktop-title\" aria-selected=\"true\" data-tab=\"1\" role=\"tab\" tabindex=\"0\" aria-controls=\"elementor-tab-content-1891\" aria-expanded=\"false\">Primaire<\/div>\n\t\t\t\t\t\t\t\t\t<div id=\"elementor-tab-title-1892\" class=\"elementor-tab-title elementor-tab-desktop-title\" aria-selected=\"false\" data-tab=\"2\" role=\"tab\" tabindex=\"-1\" aria-controls=\"elementor-tab-content-1892\" aria-expanded=\"false\">Coll\u00e8ge<\/div>\n\t\t\t\t\t\t\t\t\t<div id=\"elementor-tab-title-1893\" class=\"elementor-tab-title elementor-tab-desktop-title\" aria-selected=\"false\" data-tab=\"3\" role=\"tab\" tabindex=\"-1\" aria-controls=\"elementor-tab-content-1893\" aria-expanded=\"false\">Lyc\u00e9e<\/div>\n\t\t\t\t\t\t\t\t\t<div id=\"elementor-tab-title-1894\" class=\"elementor-tab-title elementor-tab-desktop-title\" aria-selected=\"false\" data-tab=\"4\" role=\"tab\" tabindex=\"-1\" aria-controls=\"elementor-tab-content-1894\" aria-expanded=\"false\">Contrat d'encadrement<\/div>\n\t\t\t\t\t\t\t<\/div>\n\t\t\t<div class=\"elementor-tabs-content-wrapper\" role=\"tablist\" aria-orientation=\"vertical\">\n\t\t\t\t\t\t\t\t\t<div class=\"elementor-tab-title elementor-tab-mobile-title\" aria-selected=\"true\" data-tab=\"1\" role=\"tab\" tabindex=\"0\" aria-controls=\"elementor-tab-content-1891\" aria-expanded=\"false\">Primaire<\/div>\n\t\t\t\t\t<div id=\"elementor-tab-content-1891\" class=\"elementor-tab-content elementor-clearfix\" data-tab=\"1\" role=\"tabpanel\" aria-labelledby=\"elementor-tab-title-1891\" tabindex=\"0\" hidden=\"false\"><p><a href=\"https:\/\/e-alhikma.ma\/wp-content\/uploads\/2025\/10\/CP1.pdf\" target=\"_blank\" rel=\"noopener\">T\u00e9l\u00e9chargez la liste pour 1er ann\u00e9e primaire CP1<\/a><a href=\"https:\/\/e-alhikma.ma\/wp-content\/uploads\/2025\/10\/CP1.pdf\" target=\"_blank\" rel=\"noopener\"><img loading=\"lazy\" decoding=\"async\" class=\"alignright wp-image-257\" src=\"https:\/\/www.saintexupery.ma\/wp-content\/uploads\/telecharger.jpg\" alt=\"\" width=\"80\" height=\"30\" \/><\/a><\/p><p><a href=\"https:\/\/e-alhikma.ma\/wp-content\/uploads\/2025\/10\/CE1.pdf\" target=\"_blank\" rel=\"noopener\">T\u00e9l\u00e9chargez la liste pour 2\u00e8me ann\u00e9e primaire CE1<\/a><a href=\"https:\/\/e-alhikma.ma\/wp-content\/uploads\/2025\/10\/CE1.pdf\" target=\"_blank\" rel=\"noopener\"><img loading=\"lazy\" decoding=\"async\" class=\"alignright wp-image-257\" src=\"https:\/\/www.saintexupery.ma\/wp-content\/uploads\/telecharger.jpg\" alt=\"\" width=\"80\" height=\"30\" \/><\/a><\/p><p><a href=\"https:\/\/e-alhikma.ma\/wp-content\/uploads\/2025\/10\/CE2.pdf\" target=\"_blank\" rel=\"noopener\">T\u00e9l\u00e9chargez la liste pour 3\u00e8me ann\u00e9e primaire CE2<\/a><a href=\"https:\/\/e-alhikma.ma\/wp-content\/uploads\/2025\/10\/CE2.pdf\" target=\"_blank\" rel=\"noopener\"><img loading=\"lazy\" decoding=\"async\" class=\"alignright wp-image-257\" src=\"https:\/\/www.saintexupery.ma\/wp-content\/uploads\/telecharger.jpg\" alt=\"\" width=\"80\" height=\"30\" \/><\/a><\/p><p><a href=\"https:\/\/e-alhikma.ma\/wp-content\/uploads\/2025\/10\/CM1.pdf\" target=\"_blank\" rel=\"noopener\">T\u00e9l\u00e9chargez la liste pour 4\u00e8me ann\u00e9e primaire CM1<\/a><a href=\"https:\/\/e-alhikma.ma\/wp-content\/uploads\/2025\/10\/CM1.pdf\" target=\"_blank\" rel=\"noopener\"><img decoding=\"async\" class=\"wp-image-257 alignright\" src=\"https:\/\/www.saintexupery.ma\/wp-content\/uploads\/telecharger.jpg\" alt=\"\" \/><\/a><\/p><p><a href=\"https:\/\/e-alhikma.ma\/wp-content\/uploads\/2025\/10\/CM2.pdf\" target=\"_blank\" rel=\"noopener\">T\u00e9l\u00e9chargez la liste pour 5\u00e8me ann\u00e9e primaire CM2<\/a><a href=\"https:\/\/e-alhikma.ma\/wp-content\/uploads\/2025\/10\/CM2.pdf\" target=\"_blank\" rel=\"noopener\"><img decoding=\"async\" class=\"wp-image-257 alignright\" src=\"https:\/\/www.saintexupery.ma\/wp-content\/uploads\/telecharger.jpg\" alt=\"\" \/><\/a><\/p><p><a href=\"https:\/\/e-alhikma.ma\/wp-content\/uploads\/2025\/10\/6APG.pdf\" target=\"_blank\" rel=\"noopener\">T\u00e9l\u00e9chargez la liste pour 6\u00e8me ann\u00e9e primaire<\/a> <span style=\"text-decoration: underline;\">6APG<\/span><a href=\"https:\/\/e-alhikma.ma\/wp-content\/uploads\/2025\/10\/6APG.pdf\" target=\"_blank\" rel=\"noopener\"><img decoding=\"async\" class=\"wp-image-257 alignright\" src=\"https:\/\/www.saintexupery.ma\/wp-content\/uploads\/telecharger.jpg\" alt=\"\" \/><\/a><\/p><\/div>\n\t\t\t\t\t\t\t\t\t<div class=\"elementor-tab-title elementor-tab-mobile-title\" aria-selected=\"false\" data-tab=\"2\" role=\"tab\" tabindex=\"-1\" aria-controls=\"elementor-tab-content-1892\" aria-expanded=\"false\">Coll\u00e8ge<\/div>\n\t\t\t\t\t<div id=\"elementor-tab-content-1892\" class=\"elementor-tab-content elementor-clearfix\" data-tab=\"2\" role=\"tabpanel\" aria-labelledby=\"elementor-tab-title-1892\" tabindex=\"0\" hidden=\"hidden\"><p>\u00a0<a href=\"https:\/\/e-alhikma.ma\/wp-content\/uploads\/2025\/10\/1AC-college.pdf\" target=\"_blank\" rel=\"noopener\">T\u00e9l\u00e9chargez la liste pour 1er ann\u00e9e coll\u00e8ge<\/a><a href=\"https:\/\/e-alhikma.ma\/wp-content\/uploads\/2025\/10\/1AC-college.pdf\" target=\"_blank\" rel=\"noopener\"><img loading=\"lazy\" decoding=\"async\" class=\"alignright wp-image-257\" src=\"https:\/\/www.saintexupery.ma\/wp-content\/uploads\/telecharger.jpg\" alt=\"\" width=\"80\" height=\"30\" \/><\/a><\/p><p><a href=\"https:\/\/e-alhikma.ma\/wp-content\/uploads\/2025\/10\/2AC-college.pdf\" target=\"_blank\" rel=\"noopener\">T\u00e9l\u00e9chargez la liste pour 2\u00e8me ann\u00e9e coll\u00e8ge<\/a><a href=\"https:\/\/e-alhikma.ma\/wp-content\/uploads\/2025\/10\/2AC-college.pdf\" target=\"_blank\" rel=\"noopener\"><img decoding=\"async\" class=\"wp-image-257 alignright\" src=\"https:\/\/www.saintexupery.ma\/wp-content\/uploads\/telecharger.jpg\" alt=\"\" \/><\/a><\/p><p><a href=\"https:\/\/e-alhikma.ma\/wp-content\/uploads\/2025\/10\/3AC-college.pdf\" target=\"_blank\" rel=\"noopener\">T\u00e9l\u00e9chargez la liste pour 3\u00e8me ann\u00e9e coll\u00e8ge<\/a><a href=\"https:\/\/e-alhikma.ma\/wp-content\/uploads\/2025\/10\/3AC-college.pdf\" target=\"_blank\" rel=\"noopener\"><img decoding=\"async\" class=\"wp-image-257 alignright\" src=\"https:\/\/www.saintexupery.ma\/wp-content\/uploads\/telecharger.jpg\" alt=\"\" \/><\/a><\/p><\/div>\n\t\t\t\t\t\t\t\t\t<div class=\"elementor-tab-title elementor-tab-mobile-title\" aria-selected=\"false\" data-tab=\"3\" role=\"tab\" tabindex=\"-1\" aria-controls=\"elementor-tab-content-1893\" aria-expanded=\"false\">Lyc\u00e9e<\/div>\n\t\t\t\t\t<div id=\"elementor-tab-content-1893\" class=\"elementor-tab-content elementor-clearfix\" data-tab=\"3\" role=\"tabpanel\" aria-labelledby=\"elementor-tab-title-1893\" tabindex=\"0\" hidden=\"hidden\"><p><a href=\"https:\/\/e-alhikma.ma\/wp-content\/uploads\/2025\/10\/tronc-commun.pdf\" target=\"_blank\" rel=\"noopener\">T\u00e9l\u00e9chargez la liste pour Tronc commun<img decoding=\"async\" class=\"wp-image-257 alignright\" src=\"https:\/\/www.saintexupery.ma\/wp-content\/uploads\/telecharger.jpg\" alt=\"\" \/><\/a><\/p><p><a href=\"https:\/\/e-alhikma.ma\/wp-content\/uploads\/2025\/10\/1bac-science-ex.pdf\" target=\"_blank\" rel=\"noopener\">T\u00e9l\u00e9chargez la liste pour 1er ann\u00e9e Bac Ex<\/a><a href=\"https:\/\/e-alhikma.ma\/wp-content\/uploads\/2025\/10\/1bac-science-ex.pdf\" target=\"_blank\" rel=\"noopener\"><img decoding=\"async\" class=\"wp-image-257 alignright\" src=\"https:\/\/www.saintexupery.ma\/wp-content\/uploads\/telecharger.jpg\" alt=\"\" \/><\/a><\/p><p><a href=\"https:\/\/e-alhikma.ma\/wp-content\/uploads\/2025\/10\/1bac-sm.pdf\" target=\"_blank\" rel=\"noopener\">T\u00e9l\u00e9chargez la liste pour 1er ann\u00e9e Bac Maths<\/a><a href=\"https:\/\/e-alhikma.ma\/wp-content\/uploads\/2025\/10\/1bac-sm.pdf\" target=\"_blank\" rel=\"noopener\"><img decoding=\"async\" class=\"wp-image-257 alignright\" src=\"https:\/\/www.saintexupery.ma\/wp-content\/uploads\/telecharger.jpg\" alt=\"\" \/><\/a><\/p><p><a href=\"https:\/\/e-alhikma.ma\/wp-content\/uploads\/2025\/10\/1bac-eco.pdf\" target=\"_blank\" rel=\"noopener\">T\u00e9l\u00e9chargez la liste pour 1er ann\u00e9e Bac Eco<\/a><a href=\"https:\/\/e-alhikma.ma\/wp-content\/uploads\/2025\/10\/1bac-eco.pdf\" target=\"_blank\" rel=\"noopener\"><img decoding=\"async\" class=\"wp-image-257 alignright\" src=\"https:\/\/www.saintexupery.ma\/wp-content\/uploads\/telecharger.jpg\" alt=\"\" \/><\/a><\/p><p><a href=\"#\">T\u00e9l\u00e9chargez la liste pour 2\u00e8me ann\u00e9e Bac SVT<\/a><a href=\"#\"><img decoding=\"async\" class=\"wp-image-257 alignright\" src=\"https:\/\/www.saintexupery.ma\/wp-content\/uploads\/telecharger.jpg\" alt=\"\" \/><\/a><\/p><p><a href=\"https:\/\/e-alhikma.ma\/wp-content\/uploads\/2025\/10\/2bac-pc.pdf\" target=\"_blank\" rel=\"noopener\">T\u00e9l\u00e9chargez la liste pour 2\u00e8me ann\u00e9e Bac PC<\/a><a href=\"https:\/\/e-alhikma.ma\/wp-content\/uploads\/2025\/10\/2bac-pc.pdf\" target=\"_blank\" rel=\"noopener\"><img decoding=\"async\" class=\"wp-image-257 alignright\" src=\"https:\/\/www.saintexupery.ma\/wp-content\/uploads\/telecharger.jpg\" alt=\"\" \/><\/a><\/p><p><a href=\"#\">T\u00e9l\u00e9chargez la liste pour 2\u00e8me ann\u00e9e Bac Maths B<\/a><a href=\"#\"><img decoding=\"async\" class=\"wp-image-257 alignright\" src=\"https:\/\/www.saintexupery.ma\/wp-content\/uploads\/telecharger.jpg\" alt=\"\" \/><\/a><\/p><p><a href=\"https:\/\/e-alhikma.ma\/wp-content\/uploads\/2025\/10\/2bac-eco.pdf\" target=\"_blank\" rel=\"noopener\">T\u00e9l\u00e9chargez la liste pour 2\u00e8me ann\u00e9e Bac Eco<\/a><a href=\"https:\/\/e-alhikma.ma\/wp-content\/uploads\/2025\/10\/2bac-eco.pdf\" target=\"_blank\" rel=\"noopener\"><img loading=\"lazy\" decoding=\"async\" class=\"alignright wp-image-257\" src=\"https:\/\/www.saintexupery.ma\/wp-content\/uploads\/telecharger.jpg\" alt=\"\" width=\"80\" height=\"30\" \/><\/a><\/p><\/div>\n\t\t\t\t\t\t\t\t\t<div class=\"elementor-tab-title elementor-tab-mobile-title\" aria-selected=\"false\" data-tab=\"4\" role=\"tab\" tabindex=\"-1\" aria-controls=\"elementor-tab-content-1894\" aria-expanded=\"false\">Contrat d'encadrement<\/div>\n\t\t\t\t\t<div id=\"elementor-tab-content-1894\" class=\"elementor-tab-content elementor-clearfix\" data-tab=\"4\" role=\"tabpanel\" aria-labelledby=\"elementor-tab-title-1894\" tabindex=\"0\" hidden=\"hidden\"><p><span style=\"color: #000000;\"><a href=\"https:\/\/e-alhikma.ma\/wp-content\/uploads\/2025\/10\/contrat-dencadrement.pdf\" target=\"_blank\" rel=\"noopener\">Contrat-cadre pour les relations entre les familles et l&rsquo;institution<\/a>\u00a0<\/span><a href=\"https:\/\/e-alhikma.ma\/wp-content\/uploads\/2025\/10\/contrat-dencadrement.pdf\" target=\"_blank\" rel=\"noopener\"><img decoding=\"async\" class=\"wp-image-257 alignright\" src=\"https:\/\/www.saintexupery.ma\/wp-content\/uploads\/telecharger.jpg\" alt=\"\" \/><\/a><\/p><p><em><strong><span style=\"text-decoration: underline; color: #ff0000;\"><span style=\"color: #000080; text-decoration: underline;\">vous pouvez signer ce contrat ici en cliquant sur le lien &#8211;&gt;\u00a0 <\/span><a style=\"color: #ff0000;\" href=\"https:\/\/gsalhikma.ma\/esign\/\" target=\"_blank\" rel=\"noopener\">contrat \u00e9lectronique<\/a><\/span><\/strong><\/em><\/p><\/div>\n\t\t\t\t\t\t\t<\/div>\n\t\t<\/div>\n\t\t\t\t<\/div>\n\t\t\t\t<\/div>\n\t\t\t\t\t<\/div>\n\t\t<\/div>\n\t\t\t\t\t\t\t<\/div>\n\t\t<\/section>\n\t\t\t\t\t\t<\/div>\n\t\t\t\t\t<\/div>","protected":false},"excerpt":{"rendered":"<p>Primaire Coll\u00e8ge Lyc\u00e9e Contrat d&rsquo;encadrement Primaire T\u00e9l\u00e9chargez la liste pour 1er ann\u00e9e primaire CP1 T\u00e9l\u00e9chargez la liste pour 2\u00e8me ann\u00e9e primaire CE1 T\u00e9l\u00e9chargez la liste pour 3\u00e8me ann\u00e9e primaire CE2 T\u00e9l\u00e9chargez la liste pour 4\u00e8me ann\u00e9e primaire CM1 T\u00e9l\u00e9chargez la liste pour 5\u00e8me ann\u00e9e primaire [&hellip;]<\/p>","protected":false},"author":1,"featured_media":0,"parent":0,"menu_order":0,"comment_status":"closed","ping_status":"closed","template":"","meta":{"footnotes":""},"class_list":["post-9142","page","type-page","status-publish","hentry"],"_links":{"self":[{"href":"https:\/\/e-alhikma.ma\/ar\/wp-json\/wp\/v2\/pages\/9142","targetHints":{"allow":["GET"]}}],"collection":[{"href":"https:\/\/e-alhikma.ma\/ar\/wp-json\/wp\/v2\/pages"}],"about":[{"href":"https:\/\/e-alhikma.ma\/ar\/wp-json\/wp\/v2\/types\/page"}],"author":[{"embeddable":true,"href":"https:\/\/e-alhikma.ma\/ar\/wp-json\/wp\/v2\/users\/1"}],"replies":[{"embeddable":true,"href":"https:\/\/e-alhikma.ma\/ar\/wp-json\/wp\/v2\/comments?post=9142"}],"version-history":[{"count":6,"href":"https:\/\/e-alhikma.ma\/ar\/wp-json\/wp\/v2\/pages\/9142\/revisions"}],"predecessor-version":[{"id":9166,"href":"https:\/\/e-alhikma.ma\/ar\/wp-json\/wp\/v2\/pages\/9142\/revisions\/9166"}],"wp:attachment":[{"href":"https:\/\/e-alhikma.ma\/ar\/wp-json\/wp\/v2\/media?parent=9142"}],"curies":[{"name":"wp","href":"https:\/\/api.w.org\/{rel}","templated":true}]}}